{"id":604,"date":"2019-08-25T12:15:41","date_gmt":"2019-08-25T09:15:41","guid":{"rendered":"http:\/\/sinkkonenconsulting.fi\/relocal\/?page_id=604"},"modified":"2021-03-02T13:47:42","modified_gmt":"2021-03-02T11:47:42","slug":"https-relocal-net","status":"publish","type":"page","link":"https:\/\/relocal.net\/fi\/https-relocal-net\/","title":{"rendered":"Huomioitavaa"},"content":{"rendered":"","protected":false},"excerpt":{"rendered":"","protected":false},"author":2,"featured_media":0,"parent":0,"menu_order":0,"comment_status":"closed","ping_status":"closed","template":"","meta":{"_acf_changed":false,"footnotes":""},"class_list":["post-604","page","type-page","status-publish","hentry"],"acf":[],"yoast_head":"\nHuomioitavaa - Relocal<\/title>\n<meta name=\"description\" content=\"Maasta toiseen muuttamiseen liittyy paljon eri vaiheita ja asioita, joita ei aina tulle ajatelleeksi. Edes EU-maiden v\u00e4liset muutot, eiv\u00e4t ole itsest\u00e4\u00e4nselvyyksi\u00e4, vaan n\u00e4iss\u00e4kin on oma prosessinsa. T\u00e4ss\u00e4 prosessissa on aina monta kohtaa, miss\u00e4 voidaan tehd\u00e4 virheit\u00e4, ja aiheuttaa siten turhaa murhetta sek\u00e4 jopa odottamattomia, turhia seuraamuksia.\" \/>\n<meta name=\"robots\" content=\"index, follow, max-snippet:-1, max-image-preview:large, max-video-preview:-1\" \/>\n<link rel=\"canonical\" href=\"https:\/\/relocal.net\/fi\/https-relocal-net\/\" \/>\n<meta property=\"og:locale\" content=\"fi_FI\" \/>\n<meta property=\"og:type\" content=\"article\" \/>\n<meta property=\"og:title\" content=\"Huomioitavaa - Relocal\" \/>\n<meta property=\"og:description\" content=\"Maasta toiseen muuttamiseen liittyy paljon eri vaiheita ja asioita, joita ei aina tulle ajatelleeksi. Edes EU-maiden v\u00e4liset muutot, eiv\u00e4t ole itsest\u00e4\u00e4nselvyyksi\u00e4, vaan n\u00e4iss\u00e4kin on oma prosessinsa. T\u00e4ss\u00e4 prosessissa on aina monta kohtaa, miss\u00e4 voidaan tehd\u00e4 virheit\u00e4, ja aiheuttaa siten turhaa murhetta sek\u00e4 jopa odottamattomia, turhia seuraamuksia.\" \/>\n<meta property=\"og:url\" content=\"https:\/\/relocal.net\/fi\/https-relocal-net\/\" \/>\n<meta property=\"og:site_name\" content=\"Relocal\" \/>\n<meta property=\"article:modified_time\" content=\"2021-03-02T11:47:42+00:00\" \/>\n<meta name=\"twitter:card\" content=\"summary_large_image\" \/>\n<script type=\"application\/ld+json\" class=\"yoast-schema-graph\">{\"@context\":\"https:\/\/schema.org\",\"@graph\":[{\"@type\":\"WebPage\",\"@id\":\"https:\/\/relocal.net\/fi\/https-relocal-net\/\",\"url\":\"https:\/\/relocal.net\/fi\/https-relocal-net\/\",\"name\":\"Huomioitavaa - Relocal\",\"isPartOf\":{\"@id\":\"https:\/\/relocal.net\/fi\/#website\"},\"datePublished\":\"2019-08-25T09:15:41+00:00\",\"dateModified\":\"2021-03-02T11:47:42+00:00\",\"description\":\"Maasta toiseen muuttamiseen liittyy paljon eri vaiheita ja asioita, joita ei aina tulle ajatelleeksi. Edes EU-maiden v\u00e4liset muutot, eiv\u00e4t ole itsest\u00e4\u00e4nselvyyksi\u00e4, vaan n\u00e4iss\u00e4kin on oma prosessinsa. T\u00e4ss\u00e4 prosessissa on aina monta kohtaa, miss\u00e4 voidaan tehd\u00e4 virheit\u00e4, ja aiheuttaa siten turhaa murhetta sek\u00e4 jopa odottamattomia, turhia seuraamuksia.\",\"breadcrumb\":{\"@id\":\"https:\/\/relocal.net\/fi\/https-relocal-net\/#breadcrumb\"},\"inLanguage\":\"fi\",\"potentialAction\":[{\"@type\":\"ReadAction\",\"target\":[\"https:\/\/relocal.net\/fi\/https-relocal-net\/\"]}]},{\"@type\":\"BreadcrumbList\",\"@id\":\"https:\/\/relocal.net\/fi\/https-relocal-net\/#breadcrumb\",\"itemListElement\":[{\"@type\":\"ListItem\",\"position\":1,\"name\":\"Etusivu\",\"item\":\"https:\/\/relocal.net\/fi\/\"},{\"@type\":\"ListItem\",\"position\":2,\"name\":\"Huomioitavaa\"}]},{\"@type\":\"WebSite\",\"@id\":\"https:\/\/relocal.net\/fi\/#website\",\"url\":\"https:\/\/relocal.net\/fi\/\",\"name\":\"Relocal\",\"description\":\"\",\"potentialAction\":[{\"@type\":\"SearchAction\",\"target\":{\"@type\":\"EntryPoint\",\"urlTemplate\":\"https:\/\/relocal.net\/fi\/?s={search_term_string}\"},\"query-input\":{\"@type\":\"PropertyValueSpecification\",\"valueRequired\":true,\"valueName\":\"search_term_string\"}}],\"inLanguage\":\"fi\"}]}<\/script>\n<!-- \/ Yoast SEO plugin. -->","yoast_head_json":{"title":"Huomioitavaa - Relocal","description":"Maasta toiseen muuttamiseen liittyy paljon eri vaiheita ja asioita, joita ei aina tulle ajatelleeksi. Edes EU-maiden v\u00e4liset muutot, eiv\u00e4t ole itsest\u00e4\u00e4nselvyyksi\u00e4, vaan n\u00e4iss\u00e4kin on oma prosessinsa. T\u00e4ss\u00e4 prosessissa on aina monta kohtaa, miss\u00e4 voidaan tehd\u00e4 virheit\u00e4, ja aiheuttaa siten turhaa murhetta sek\u00e4 jopa odottamattomia, turhia seuraamuksia.","robots":{"index":"index","follow":"follow","max-snippet":"max-snippet:-1","max-image-preview":"max-image-preview:large","max-video-preview":"max-video-preview:-1"},"canonical":"https:\/\/relocal.net\/fi\/https-relocal-net\/","og_locale":"fi_FI","og_type":"article","og_title":"Huomioitavaa - Relocal","og_description":"Maasta toiseen muuttamiseen liittyy paljon eri vaiheita ja asioita, joita ei aina tulle ajatelleeksi. Edes EU-maiden v\u00e4liset muutot, eiv\u00e4t ole itsest\u00e4\u00e4nselvyyksi\u00e4, vaan n\u00e4iss\u00e4kin on oma prosessinsa. T\u00e4ss\u00e4 prosessissa on aina monta kohtaa, miss\u00e4 voidaan tehd\u00e4 virheit\u00e4, ja aiheuttaa siten turhaa murhetta sek\u00e4 jopa odottamattomia, turhia seuraamuksia.","og_url":"https:\/\/relocal.net\/fi\/https-relocal-net\/","og_site_name":"Relocal","article_modified_time":"2021-03-02T11:47:42+00:00","twitter_card":"summary_large_image","schema":{"@context":"https:\/\/schema.org","@graph":[{"@type":"WebPage","@id":"https:\/\/relocal.net\/fi\/https-relocal-net\/","url":"https:\/\/relocal.net\/fi\/https-relocal-net\/","name":"Huomioitavaa - Relocal","isPartOf":{"@id":"https:\/\/relocal.net\/fi\/#website"},"datePublished":"2019-08-25T09:15:41+00:00","dateModified":"2021-03-02T11:47:42+00:00","description":"Maasta toiseen muuttamiseen liittyy paljon eri vaiheita ja asioita, joita ei aina tulle ajatelleeksi. Edes EU-maiden v\u00e4liset muutot, eiv\u00e4t ole itsest\u00e4\u00e4nselvyyksi\u00e4, vaan n\u00e4iss\u00e4kin on oma prosessinsa. T\u00e4ss\u00e4 prosessissa on aina monta kohtaa, miss\u00e4 voidaan tehd\u00e4 virheit\u00e4, ja aiheuttaa siten turhaa murhetta sek\u00e4 jopa odottamattomia, turhia seuraamuksia.","breadcrumb":{"@id":"https:\/\/relocal.net\/fi\/https-relocal-net\/#breadcrumb"},"inLanguage":"fi","potentialAction":[{"@type":"ReadAction","target":["https:\/\/relocal.net\/fi\/https-relocal-net\/"]}]},{"@type":"BreadcrumbList","@id":"https:\/\/relocal.net\/fi\/https-relocal-net\/#breadcrumb","itemListElement":[{"@type":"ListItem","position":1,"name":"Etusivu","item":"https:\/\/relocal.net\/fi\/"},{"@type":"ListItem","position":2,"name":"Huomioitavaa"}]},{"@type":"WebSite","@id":"https:\/\/relocal.net\/fi\/#website","url":"https:\/\/relocal.net\/fi\/","name":"Relocal","description":"","potentialAction":[{"@type":"SearchAction","target":{"@type":"EntryPoint","urlTemplate":"https:\/\/relocal.net\/fi\/?s={search_term_string}"},"query-input":{"@type":"PropertyValueSpecification","valueRequired":true,"valueName":"search_term_string"}}],"inLanguage":"fi"}]}},"_links":{"self":[{"href":"https:\/\/relocal.net\/fi\/wp-json\/wp\/v2\/pages\/604","targetHints":{"allow":["GET"]}}],"collection":[{"href":"https:\/\/relocal.net\/fi\/wp-json\/wp\/v2\/pages"}],"about":[{"href":"https:\/\/relocal.net\/fi\/wp-json\/wp\/v2\/types\/page"}],"author":[{"embeddable":true,"href":"https:\/\/relocal.net\/fi\/wp-json\/wp\/v2\/users\/2"}],"replies":[{"embeddable":true,"href":"https:\/\/relocal.net\/fi\/wp-json\/wp\/v2\/comments?post=604"}],"version-history":[{"count":21,"href":"https:\/\/relocal.net\/fi\/wp-json\/wp\/v2\/pages\/604\/revisions"}],"predecessor-version":[{"id":1119,"href":"https:\/\/relocal.net\/fi\/wp-json\/wp\/v2\/pages\/604\/revisions\/1119"}],"wp:attachment":[{"href":"https:\/\/relocal.net\/fi\/wp-json\/wp\/v2\/media?parent=604"}],"curies":[{"name":"wp","href":"https:\/\/api.w.org\/{rel}","templated":true}]}}